{"id":361,"date":"2020-08-07T14:58:38","date_gmt":"2020-08-07T14:58:38","guid":{"rendered":"http:\/\/www.audreydamas.com\/?page_id=361"},"modified":"2026-04-27T13:32:01","modified_gmt":"2026-04-27T13:32:01","slug":"accueil","status":"publish","type":"page","link":"https:\/\/www.audreydamas.com\/fr\/","title":{"rendered":"Accueil"},"content":{"rendered":"\n\n\n\n\n<div style=\"height:46px\" aria-hidden=\"true\" class=\"wp-block-spacer\"><\/div>\n\n\n\n<h2 id=\"des-mots-createurs-de-sens-d-authenticite-et-d-harmonie\" class=\"wp-block-heading\"><strong><strong>Une communication bienveillante au service de projets authentiques, artistiques et inspirants<\/strong><\/strong><\/h2>\n\n\n\n<p class=\"wp-block-paragraph\">Je vous accompagne dans la cr\u00e9ation de messages porteurs de sens, adapt\u00e9s \u00e0 vos valeurs profondes et \u00e0 vos aspirations. En explorant l\u2019essence des mots, je construis avec vous des messages qui refl\u00e8tent votre identit\u00e9 profonde et captivent votre public, tout en apportant un sens v\u00e9ritable \u00e0 chaque \u00e9change. Mon approche se fonde sur l\u2019\u00e9coute, l\u2019analyse et la cr\u00e9ation de contenus qui vous ressemblent, tout en respectant les besoins uniques de votre projet.<\/p>\n\n\n\n<p class=\"wp-block-paragraph\">De la\u00a0gestion de votre communication globale\u00a0\u00e0 la cr\u00e9ation de\u00a0contenus web et traditionnels, en passant par l&rsquo;animation des r\u00e9seaux sociaux\u00a0et les services de\u00a0traduction\u00a0et\u00a0interpr\u00e9tation, je mets \u00e0 votre disposition une expertise compl\u00e8te, personnalis\u00e9e et adapt\u00e9e \u00e0 vos objectifs et je vous aide \u00e0 cr\u00e9er une communication claire, inspirante et sur mesure, en accord avec vos valeurs et vos objectifs.<\/p>\n\n\n\n<p class=\"wp-block-paragraph\">En tant que\u00a0<strong>Cultural Manager<\/strong>, je vous accompagne \u00e9galement dans le d\u00e9veloppement de projets artistiques et culturels, tout en mettant l\u2019accent sur la diversit\u00e9, l\u2019inclusion et l\u2019harmonie. Ma d\u00e9marche s\u2019enrichit \u00e9galement de mon expertise en\u00a0<strong>astrologie<\/strong>, une pratique qui offre une dimension suppl\u00e9mentaire \u00e0 votre communication, en vous permettant de mieux vous comprendre, de vous aligner avec votre essence profonde et de prendre des d\u00e9cisions \u00e9clair\u00e9es.<\/p>\n\n\n\n<p class=\"wp-block-paragraph\">Je vous propose ainsi une approche\u00a0<strong>holistique<\/strong>, qui allie strat\u00e9gie, cr\u00e9ativit\u00e9 et d\u00e9veloppement personnel, pour vous aider \u00e0 transmettre des messages qui r\u00e9sonnent profond\u00e9ment et laissent une empreinte durable.<\/p>\n\n\n\n<div style=\"height:45px\" aria-hidden=\"true\" class=\"wp-block-spacer\"><\/div>\n\n\n\n<h3 id=\"derniers-articles-publies\" class=\"wp-block-heading\"><strong>Derniers articles publi\u00e9s<\/strong><\/h3>\n\n\n\n<div style=\"height:45px\" aria-hidden=\"true\" class=\"wp-block-spacer\"><\/div>\n\n\n\n\n\n\n\n<div style=\"height:45px\" aria-hidden=\"true\" class=\"wp-block-spacer\"><\/div>\n","protected":false},"excerpt":{"rendered":"<p>Une communication bienveillante au service de projets authentiques, artistiques et inspirants Je vous accompagne dans la cr\u00e9ation de messages porteurs de sens, adapt\u00e9s \u00e0 vos valeurs profondes et \u00e0 vos aspirations. En explorant l\u2019essence des mots, je construis avec vous<\/p>\n","protected":false},"author":2,"featured_media":0,"parent":0,"menu_order":0,"comment_status":"closed","ping_status":"open","template":"","meta":{"_crdt_document":"{\"document\":\"AAAnrravthDt1bOREI0Ch4yBtQuutq+2EO3Vs5EQAu62r7YQAIeOxZYK\/wGMcJgBLKYCMCAQvge2B7AIggnQeJgBLKYCMCAQmAm2B4oKqFYC8JcBEKYGAwAMAwMIAgoCBQADA7gBtBUMjAEMIAyaAgwkDBQMBAyMCQyqBwy+CQy6CxQoAgo6sgYKGh8AAhCeBAQCAQIKSgAQAQIKSgAQAQIKAkIASgCSBAECCgJCSgCmDgECCgIKDIwBDCAMmgIMJAwUDAQM4gZKALwNAQIKAhYMqgcM2ghKALgPAQIKAoQBDNIBSgCkBwECCkoAEAECCgJCAEoAqAEBAgpKABABAgpKABABAgpKTgrkkAECEAQDAAoMBAYCBAK4AZxDggK8Bhoe9FaSVxLOVwI6jnCYASymAjAgEL4HtgewCM5vmAEspgIwIBCYCbYHigrQOgIQBAMACgwEBgIEArgBnEOCArwGGh8AErMCKADECagAxAmhASEAKAInAAQAJwAEAIQBgQCEAIEAhAKBAIQAgQCEAYEAhAGBAIQDgQCEAIEAhACBAIQAgQCEAIEAhACBAIQAgQCEAIEAhACBAIQAgQCEAYEAhACBAIQBgQOEAIEAhAAnACgEJwAoACcABwAoAycAKAAnAIcAKAMnACgAJwCHACgDJwEEACgBJwCHACgDJwEEACgAJwCHACgDJwEEAIEAhACBAIQAgQCEAIEAhACBAIQAgQCEAIEAhAAoACcAhwAoAycBBACBAIQAgQCEACgAJwCHACgDJwEEAIEAhAAoACcAhwAoAycAKAAnAIcAKAMnAQQAKAEnAIcAKAMnACgAJwCHACEAKAInACEAJwCHACgDJwAoACcAIQGoAKEAxA\/BAiEAqADEAagBIf0vrC5zdGF0ZXZlcnNpb27CoMKgwqDCoMKgwqDCoMKgwqDCoMKgwqDCoMKgwqDCoMKgwqDCoMKgc3RhdGV2ZXJzaW9uZG9jdW1lbnRkYXRlZG9jdW1lbnRzbHVnZG9jdW1lbnRzdGF0dXNkb2N1bWVudHRpdGxlQWNjdWVpbGRvY3VtZW50Y29udGVudDwhLS0gd3A6aHRtbCAtLT4KW3NtYXJ0c2xpZGVyMyBzbGlkZXI9IjMiXQo8IS0tIC93cDpodG1sIC0tPgoKPCEtLSB3cDpzcGFjZXIgeyJoZWlnaHQiOiI0NnB4In0gLS0+CjxkaXYgc3R5bGU9ImhlaWdodDo0NnB4IiBhcmlhLWhpZGRlbj0idHJ1ZSIgY2xhc3M9IndwLWJsb2NrLXNwYWNlciI+PC9kaXY+CjwhLS0gL3dwOnNwYWNlciAtLT4KCjwhLS0gd3A6aGVhZGluZyAtLWNhc3MtLWhlaW4iIGlkPSJkZXMtbW90cy1jcmVhdGV1cnMtZGUtc2Vucy1kLWF1dGhlbnRpY2l0ZS1ldC1kLWhhcm1vbmllIj48c3Ryb25nPjxzdHJvbmc+VW5lIGNvbW11bmljYXRpb24gYmllbnZlaWxsYW50ZSBhdSBzZXJ2aWNlIGRlIHByb2pldHMgYXV0aGVudGlxdWVzLCBhcnRpc3RpcXVlcyBldCBpbnNwaXJhbnRzPC9zdHJvbmc+PC9zdHJvbmc+PC9oMj4KPCEtLSAvd3A6aGVhZGluZyAtLT4KCjwhLS0gd3A6cGFyYWdyYXBoIC0tPgo8cD5KZSB2b3VzIGFjY29tcGFnbmUgZGFucyBsYSBjcsOpYXRpb24gZGUgbWVzc2FnZXMgcG9ydGV1cnMgZGUgc2VucywgYWRhcHTDqXMgw6Agdm9zIHZhbGV1cnMgcHJvZm9uZGVzIGV0IMOgIHZvcyBhc3BpcmF0aW9ucy4gRW4gZXhwbG9yYW50IGzigJllc3NlbmNlIGRlcyBtb3RzLCBqZSBjb25zdHJ1aXMgYXZlYyB2b3VzIGRlcyBtZXNzYWdlcyBxdWkgcmVmbMOodGVudCB2b3RyZSBpZGVudGl0w6kgcHJvZm9uZGUgZXQgY2FwdGl2ZW50IHZvdHJlIHB1YmxpYywgdG91dCBlbiBhcHBvcnRhbnQgdW4gc2VucyB2w6lyaXRhYmxlIMOgIGNoYXF1ZSDDqWNoYW5nZS4gTW9uIGFwcHJvY2hlIHNlIGZvbmRlIHN1ciBs4oCZw6ljb3V0ZSwgbOKAmWFuYWx5c2UgZXQgbGEgY3LDqWF0aW9uIGRlIGNvbnRlbnVzIHF1aSB2b3VzIHJlc3NlbWJsZW50LCB0b3V0IGVuIHJlc3BlY3RhbnQgbGVzIGJlc29pbnMgdW5pcXVlcyBkZSB2b3RyZSBwcm9qZXQuPC9wPgo8IS0tIC93cDpwYXJhZ3JhcGggLS0+Cgo8IS0tIHdwOnBhcmFncmFwaCAtLT4KPHA+RGUgbGFnZXN0aW9uIGRlIHZvdHJlIGNvbW11bmljYXRpb24gZ2xvYmFsZcOgIGxhIGNyw6lhdGlvbiBkZWNvbnRlbnVzIHdlYiBldCB0cmFkaXRpb25uZWxzLCBlbiBwYXNzYW50IHBhciBsJ2FuaW1hdGlvbiBkZXMgcsOpc2VhdXggc29jaWF1eGV0IGxlcyBzZXJ2aWNlcyBkZXRyYWR1Y3Rpb25ldGludGVycHLDqXRhdGlvbiwgamUgbWV0cyDDoCB2b3RyZSBkaXNwb3NpdGlvbiB1bmUgZXhwZXJ0aXNlIGNvbXBsw6h0ZSwgcGVyc29ubmFsaXPDqWUgZXQgYWRhcHTDqWUgw6Agdm9zIG9iamVjdGlmcyBldCBqZSB2b3VzIGFpZGUgw6AgY3LDqWVyIHVuZSBjb21tdW5pY2F0aW9uIGNsYWlyZSwgaW5zcGlyYW50ZSBldCBzdXIgbWVzdXJlLCBlbiBhY2NvcmQgYXZlYyB2b3MgdmFsZXVycyBldCB2b3Mgb2JqZWN0aWZzLjwvcD4KPCEtLSAvd3A6cGFyYWdyYXBoIC0tPgoKPCEtLSB3cDpwYXJhZ3JhcGggLS0+CjxwPkVuIHRhbnQgcXVlPHN0cm9uZz5DdWx0dXJhbCBNYW5hZ2VyPC9zdHJvbmc+LCBqZSB2b3VzIGFjY29tcGFnbmUgw6lnYWxlbWVudCBkYW5zIGxlIGTDqXZlbG9wcGVtZW50IGRlIHByb2pldHMgYXJ0aXN0aXF1ZXMgZXQgY3VsdHVyZWxzLCB0b3V0IGVuIG1ldHRhbnQgbOKAmWFjY2VudCBzdXIgbGEgZGl2ZXJzaXTDqSwgbOKAmWluY2x1c2lvbiBldCBs4oCZaGFybW9uaWUuIE1hIGTDqW1hcmNoZSBz4oCZZW5yaWNoaXQgw6lnYWxlbWVudCBkZSBtb24gZXhwZXJ0aXNlIGVuPHN0cm9uZz5hc3Ryb2xvZ2llPC9zdHJvbmc+LCB1bmUgcHJhdGlxdWUgcXVpIG9mZnJlIHVuZSBkaW1lbnNpb24gc3VwcGzDqW1lbnRhaXJlIMOgIHZvdHJlIGNvbW11bmljYXRpb24sIGVuIHZvdXMgcGVybWV0dGFudCBkZSBtaWV1eCB2b3VzIGNvbXByZW5kcmUsIGRlIHZvdXMgYWxpZ25lciBhdmVjIHZvdHJlIGVzc2VuY2UgcHJvZm9uZGUgZXQgZGUgcHJlbmRyZSBkZXMgZMOpY2lzaW9ucyDDqWNsYWlyw6llcy48L3A+CjwhLS0gL3dwOnBhcmFncmFwaCAtLT4KCjwhLS0gd3A6cGFyYWdyYXBoIC0tPgo8cD5KZSB2b3VzIHByb3Bvc2UgYWluc2kgdW5lIGFwcHJvY2hlPHN0cm9uZz5ob2xpc3RpcXVlPC9zdHJvbmc+LCBxdWkgYWxsaWUgc3RyYXTDqWdpZSwgY3LDqWF0aXZpdMOpIGV0IGTDqXZlbG9wcGVtZW50IHBlcnNvbm5lbCwgcG91ciB2b3VzIGFpZGVyIMOgIHRyYW5zbWV0dHJlIGRlcyBtZXNzYWdlcyBxdWkgcsOpc29ubmVudCBwcm9mb25kw6ltZW50IGV0IGxhaXNzZW50IHVuZSBlbXByZWludGUgZHVyYWJsZS48L3A+CjwhLS0gL3dwOnBhcmFncmFwaCAtLT4KCjwhLS0gd3A6c3BhY2VyIHsiaGVpZ2h0IjoiNDVweCJ9IC0tPgo8ZGl2IHN0eWxlPSJoZWlnaHQ6NDVweCIgYXJpYS1oaWRkZW49InRydWUiIGNsYXNzPSJ3cC1ibG9jay1zcGFjZXIiPjwvZGl2Pgo8IS0tIC93cDpzcGFjZXIgLS0+Cgo8IS0tIHdwOmhlYWRpbmcgeyJsZXZlbCI6M30gLS0+CjxoMyBpZD0iZGVybmllcnMtYXJ0aWNsZXMtcHVibGllcyI+PHN0cm9uZz5EZXJuaWVycyBhcnRpY2xlcyBwdWJsacOpczwvc3Ryb25nPjwvaDM+CjwhLS0gL3dwOmhlYWRpbmcgLS0+Cgo8IS0tIHdwOnNwYWNlciB7ImhlaWdodCI6IjQ1cHgifSAtLT4KPGRpdiBzdHlsZT0iaGVpZ2h0OjQ1cHgiIGFyaWEtaGlkZGVuPSJ0cnVlIiBjbGFzcz0id3AtYmxvY2stc3BhY2VyIj48L2Rpdj4KPCEtLSAvd3A6c3BhY2VyIC0tPgoKPCEtLSB3cDpodG1sIC8tLT4KCjwhLS0gd3A6c3BhY2VyIHsiaGVpZ2h0IjoiNDVweCJ9IC0tPgo8ZGl2IHN0eWxlPSJoZWlnaHQ6NDVweCIgYXJpYS1oaWRkZW49InRydWUiIGNsYXNzPSJ3cC1ibG9jay1zcGFjZXIiPjwvZGl2Pgo8IS0tIC93cDpzcGFjZXIgLS0+ZG9jdW1lbnRleGNlcnB0ZG9jdW1lbnRhdXRob3Jkb2N1bWVudGZlYXR1cmVkX21lZGlhZG9jdW1lbnRjb21tZW50X3N0YXR1c2RvY3VtZW50cGluZ19zdGF0dXNkb2N1bWVudHRlbXBsYXRlZG9jdW1lbnRtZXRhZm9vdG5vdGVzZG9jdW1lbnRibG9ja3NjbGllbnRJZGlzVmFsaWRvcmlnaW5hbENvbnRlbnRuYW1lYXR0cmlidXRlc2NvbnRlbnRpbm5lckJsb2Nrc2NsaWVudElkaXNWYWxpZG9yaWdpbmFsQ29udGVudG5hbWVhdHRyaWJ1dGVzaGVpZ2h0aW5uZXJCbG9ja3NjbGllbnRJZGlzVmFsaWRvcmlnaW5hbENvbnRlbnRuYW1lYXR0cmlidXRlc2NvbnRlbnQ8c3Ryb25nPjxzdHJvbmc+VW5lIGNvbW11bmljYXRpb24gYmllbnZlaWxsYW50ZSBhdSBzZXJ2aWNlIGRlIHByb2pldHMgYXV0aGVudGlxdWVzLCBhcnRpc3RpcXVlcyBldCBpbnNwaXJhbnRzPC9zdHJvbmc+PC9zdHJvbmc+bGV2ZWxhbmNob3Jpbm5lckJsb2Nrc2NsaWVudElkaXNWYWxpZG9yaWdpbmFsQ29udGVudG5hbWVhdHRyaWJ1dGVzY29udGVudEplIHZvdXMgYWNjb21wYWduZSBkYW5zIGxhIGNyw6lhdGlvbiBkZSBtZXNzYWdlcyBwb3J0ZXVycyBkZSBzZW5zLCBhZGFwdMOpcyDDoCB2b3MgdmFsZXVycyBwcm9mb25kZXMgZXQgw6Agdm9zIGFzcGlyYXRpb25zLiBFbiBleHBsb3JhbnQgbOKAmWVzc2VuY2UgZGVzIG1vdHMsIGplIGNvbnN0cnVpcyBhdmVjIHZvdXMgZGVzIG1lc3NhZ2VzIHF1aSByZWZsw6h0ZW50IHZvdHJlIGlkZW50aXTDqSBwcm9mb25kZSBldCBjYXB0aXZlbnQgdm90cmUgcHVibGljLCB0b3V0IGVuIGFwcG9ydGFudCB1biBzZW5zIHbDqXJpdGFibGUgw6AgY2hhcXVlIMOpY2hhbmdlLiBNb24gYXBwcm9jaGUgc2UgZm9uZGUgc3VyIGzigJnDqWNvdXRlLCBs4oCZYW5hbHlzZSBldCBsYSBjcsOpYXRpb24gZGUgY29udGVudXMgcXVpIHZvdXMgcmVzc2VtYmxlbnQsIHRvdXQgZW4gcmVzcGVjdGFudCBsZXMgYmVzb2lucyB1bmlxdWVzIGRlIHZvdHJlIHByb2pldC5kcm9wQ2FwaW5uZXJCbG9ja3NjbGllbnRJZGlzVmFsaWRvcmlnaW5hbENvbnRlbnRuYW1lYXR0cmlidXRlc2NvbnRlbnREZSBsYWdlc3Rpb24gZGUgdm90cmUgY29tbXVuaWNhdGlvbiBnbG9iYWxlw6AgbGEgY3LDqWF0aW9uIGRlY29udGVudXMgd2ViIGV0IHRyYWRpdGlvbm5lbHMsIGVuIHBhc3NhbnQgcGFyIGwnYW5pbWF0aW9uIGRlcyByw6lzZWF1eCBzb2NpYXV4ZXQgbGVzIHNlcnZpY2VzIGRldHJhZHVjdGlvbmV0aW50ZXJwcsOpdGF0aW9uLCBqZSBtZXRzIMOgIHZvdHJlIGRpc3Bvc2l0aW9uIHVuZSBleHBlcnRpc2UgY29tcGzDqHRlLCBwZXJzb25uYWxpc8OpZSBldCBhZGFwdMOpZSDDoCB2b3Mgb2JqZWN0aWZzIGV0IGplIHZvdXMgYWlkZSDDoCBjcsOpZXIgdW5lIGNvbW11bmljYXRpb24gY2xhaXJlLCBpbnNwaXJhbnRlIGV0IHN1ciBtZXN1cmUsIGVuIGFjY29yZCBhdmVjIHZvcyB2YWxldXJzIGV0IHZvcyBvYmplY3RpZnMuZHJvcENhcGlubmVyQmxvY2tzY2xpZW50SWRpc1ZhbGlkb3JpZ2luYWxDb250ZW50bmFtZWF0dHJpYnV0ZXNjb250ZW50RW4gdGFudCBxdWU8c3Ryb25nPkN1bHR1cmFsIE1hbmFnZXI8L3N0cm9uZz4sIGplIHZvdXMgYWNjb21wYWduZSDDqWdhbGVtZW50IGRhbnMgbGUgZMOpdmVsb3BwZW1lbnQgZGUgcHJvamV0cyBhcnRpc3RpcXVlcyBldCBjdWx0dXJlbHMsIHRvdXQgZW4gbWV0dGFudCBs4oCZYWNjZW50IHN1ciBsYSBkaXZlcnNpdMOpLCBs4oCZaW5jbHVzaW9uIGV0IGzigJloYXJtb25pZS4gTWEgZMOpbWFyY2hlIHPigJllbnJpY2hpdCDDqWdhbGVtZW50IGRlIG1vbiBleHBlcnRpc2UgZW48c3Ryb25nPmFzdHJvbG9naWU8L3N0cm9uZz4sIHVuZSBwcmF0aXF1ZSBxdWkgb2ZmcmUgdW5lIGRpbWVuc2lvbiBzdXBwbMOpbWVudGFpcmUgw6Agdm90cmUgY29tbXVuaWNhdGlvbiwgZW4gdm91cyBwZXJtZXR0YW50IGRlIG1pZXV4IHZvdXMgY29tcHJlbmRyZSwgZGUgdm91cyBhbGlnbmVyIGF2ZWMgdm90cmUgZXNzZW5jZSBwcm9mb25kZSBldCBkZSBwcmVuZHJlIGRlcyBkw6ljaXNpb25zIMOpY2xhaXLDqWVzLmRyb3BDYXBpbm5lckJsb2Nrc2NsaWVudElkaXNWYWxpZG9yaWdpbmFsQ29udGVudG5hbWVhdHRyaWJ1dGVzY29udGVudEplIHZvdXMgcHJvcG9zZSBhaW5zaSB1bmUgYXBwcm9jaGU8c3Ryb25nPmhvbGlzdGlxdWU8L3N0cm9uZz4sIHF1aSBhbGxpZSBzdHJhdMOpZ2llLCBjcsOpYXRpdml0w6kgZXQgZMOpdmVsb3BwZW1lbnQgcGVyc29ubmVsLCBwb3VyIHZvdXMgYWlkZXIgw6AgdHJhbnNtZXR0cmUgZGVzIG1lc3NhZ2VzIHF1aSByw6lzb25uZW50IHByb2ZvbmTDqW1lbnQgZXQgbGFpc3NlbnQgdW5lIGVtcHJlaW50ZSBkdXJhYmxlLmRyb3BDYXBpbm5lckJsb2Nrc2NsaWVudElkaXNWYWxpZG9yaWdpbmFsQ29udGVudG5hbWVhdHRyaWJ1dGVzaGVpZ2h0aW5uZXJCbG9ja3NjbGllbnRJZGlzVmFsaWRvcmlnaW5hbENvbnRlbnRuYW1lYXR0cmlidXRlc2NvbnRlbnQ8c3Ryb25nPkRlcm5pZXJzIGFydGljbGVzIHB1Ymxpw6lzPC9zdHJvbmc+bGV2ZWxhbmNob3Jpbm5lckJsb2Nrc2NsaWVudElkaXNWYWxpZG9yaWdpbmFsQ29udGVudG5hbWVhdHRyaWJ1dGVzaGVpZ2h0aW5uZXJCbG9ja3NjbGllbnRJZGlzVmFsaWRvcmlnaW5hbENvbnRlbnRuYW1lYXR0cmlidXRlc2NvbnRlbnRpbm5lckJsb2Nrc2NsaWVudElkaXNWYWxpZG9yaWdpbmFsQ29udGVudG5hbWVhdHRyaWJ1dGVzaGVpZ2h0aW5uZXJCbG9ja3NzdGF0ZXNhdmVkQXRzdGF0ZXNhdmVkQnl7ImFuY2hvciI6ImRlc21vdHNyZXRldXItZGUtZW5zZGF1dG50Y2l0ZS1ldC1kLWhhcm1vaWV9LS0+CjxoMiAgY2xhc3M9IndwLWJsb2NrLWhlYWRpbmciLCJhbmNob3IiOiJkZXJuaWVycy1hcnRpY2xlcy1wdWJsaWVzIiBjbGFzcz0id3AtYmxvY2staGVhZGluZyJzdGF0ZXZlcnNpb24tLT4KW3NtYXJ0c2xpZGVyMyBzbGlkZXI9IjUiXQo8IS0tIHdwOmh0bWwgc3RhdGV2ZXJzaW9uBQdBEgUHCAQIBAgGCAUHCAeTA0EGAkECPLoKJhCNARIKAqYEtQO\/BL0FCgEdmQMBiAIIBwgGCA4IDggLSAEECQgGCAcPBAoHCwgHDwQKBgsIBw8ECge\/AQUGCwgHDwQKB4oHBwsIBw8ECgcFJhCNARIKAqUDBwsIBw8ECgcLtQOnAwcLCAcPBAoHIoEDBwsIBw8ECgYLCAcPBAoHKgUGCwgHDwQKBgsIBw8ECgcLCAcPBAoGCwUHBQcOBAJEAAMBAwIPAgEIGSUZBQcjCAUHEQEFAAABAAAAAQYAAAEAAGIBLkIBAQBBAABBAABBAAIAQQACAEEAAgBBAAIAQQACAEEAAEEAAgBBAABBAABBAAAjQQYGAQQFAgFGCBRFAA1PAAhBHUYFQQNGAEEDBkEdQwACQQMEGAB9AXcA4AEAdxMyMDIwLTA4LTA3VDE0OjU4OjM4dwdhY2N1ZWlsdwdwdWJsaXNofQJ9AHcGY2xvc2VkdwRvcGVudwB3AHckMGYyM2YyNDUtZTk0NS00ODZhLTk2NTktYjA2MWIyOWE5NzIyeHcZW3NtYXJ0c2xpZGVyMyBzbGlkZXI9IjMiXXcJY29yZS9odG1sdxlbc21hcnRzbGlkZXIzIHNsaWRlcj0iMyJddyQ4ODBjZWI2OC1iODFiLTQ2NjgtYTBjMi1hYTc5YzkzYjA2ZTZ4d0o8ZGl2IHN0eWxlPSJoZWlnaHQ6NDZweCIgYXJpYS1oaWRkZW49InRydWUiIGNsYXNzPSJ3cC1ibG9jay1zcGFjZXIiPjwvZGl2PncLY29yZS9zcGFjZXJ3BDQ2cHh3JDg2ZjgxOWI2LWZjYjItNGQzYi1hMGQ1LTkyMzMwMjA4MDhjMXh33gE8aDIgY2xhc3M9IndwLWJsb2NrLWhlYWRpbmciIGlkPSJkZXMtbW90cy1jcmVhdGV1cnMtZGUtc2Vucy1kLWF1dGhlbnRpY2l0ZS1ldC1kLWhhcm1vbmllIj48c3Ryb25nPjxzdHJvbmc+VW5lIGNvbW11bmljYXRpb24gYmllbnZlaWxsYW50ZSBhdSBzZXJ2aWNlIGRlIHByb2pldHMgYXV0aGVudGlxdWVzLCBhcnRpc3RpcXVlcyBldCBpbnNwaXJhbnRzPC9zdHJvbmc+PC9zdHJvbmc+PC9oMj53DGNvcmUvaGVhZGluZ30CdzdkZXMtbW90cy1jcmVhdGV1cnMtZGUtc2Vucy1kLWF1dGhlbnRpY2l0ZS1ldC1kLWhhcm1vbmlldyRlMDZmNWFlZS1hYzY4LTQ0N2EtOThhZS1kZmM3OGQ3MTk1N2F4d+IDPHA+SmUgdm91cyBhY2NvbXBhZ25lIGRhbnMgbGEgY3LDqWF0aW9uIGRlIG1lc3NhZ2VzIHBvcnRldXJzIGRlIHNlbnMsIGFkYXB0w6lzIMOgIHZvcyB2YWxldXJzIHByb2ZvbmRlcyBldCDDoCB2b3MgYXNwaXJhdGlvbnMuIEVuIGV4cGxvcmFudCBs4oCZZXNzZW5jZSBkZXMgbW90cywgamUgY29uc3RydWlzIGF2ZWMgdm91cyBkZXMgbWVzc2FnZXMgcXVpIHJlZmzDqHRlbnQgdm90cmUgaWRlbnRpdMOpIHByb2ZvbmRlIGV0IGNhcHRpdmVudCB2b3RyZSBwdWJsaWMsIHRvdXQgZW4gYXBwb3J0YW50IHVuIHNlbnMgdsOpcml0YWJsZSDDoCBjaGFxdWUgw6ljaGFuZ2UuIE1vbiBhcHByb2NoZSBzZSBmb25kZSBzdXIgbOKAmcOpY291dGUsIGzigJlhbmFseXNlIGV0IGxhIGNyw6lhdGlvbiBkZSBjb250ZW51cyBxdWkgdm91cyByZXNzZW1ibGVudCwgdG91dCBlbiByZXNwZWN0YW50IGxlcyBiZXNvaW5zIHVuaXF1ZXMgZGUgdm90cmUgcHJvamV0LjwvcD53DmNvcmUvcGFyYWdyYXBoeXckYzU1YWFjMGEtNzE2OS00YmYyLWIyMzktMDE4YjdkNjkzNWM1eHfHAzxwPkRlIGxhJm5ic3A7Z2VzdGlvbiBkZSB2b3RyZSBjb21tdW5pY2F0aW9uIGdsb2JhbGUmbmJzcDvDoCBsYSBjcsOpYXRpb24gZGUmbmJzcDtjb250ZW51cyB3ZWIgZXQgdHJhZGl0aW9ubmVscywgZW4gcGFzc2FudCBwYXIgbCdhbmltYXRpb24gZGVzIHLDqXNlYXV4IHNvY2lhdXgmbmJzcDtldCBsZXMgc2VydmljZXMgZGUmbmJzcDt0cmFkdWN0aW9uJm5ic3A7ZXQmbmJzcDtpbnRlcnByw6l0YXRpb24sIGplIG1ldHMgw6Agdm90cmUgZGlzcG9zaXRpb24gdW5lIGV4cGVydGlzZSBjb21wbMOodGUsIHBlcnNvbm5hbGlzw6llIGV0IGFkYXB0w6llIMOgIHZvcyBvYmplY3RpZnMgZXQgamUgdm91cyBhaWRlIMOgIGNyw6llciB1bmUgY29tbXVuaWNhdGlvbiBjbGFpcmUsIGluc3BpcmFudGUgZXQgc3VyIG1lc3VyZSwgZW4gYWNjb3JkIGF2ZWMgdm9zIHZhbGV1cnMgZXQgdm9zIG9iamVjdGlmcy48L3A+dw5jb3JlL3BhcmFncmFwaHl3JDcwMjZiMDlkLTVmMjYtNDU4YS1hM2E2LTA0MGI2NmIyOGQyNnh3jAQ8cD5FbiB0YW50IHF1ZSZuYnNwOzxzdHJvbmc+Q3VsdHVyYWwgTWFuYWdlcjwvc3Ryb25nPiwgamUgdm91cyBhY2NvbXBhZ25lIMOpZ2FsZW1lbnQgZGFucyBsZSBkw6l2ZWxvcHBlbWVudCBkZSBwcm9qZXRzIGFydGlzdGlxdWVzIGV0IGN1bHR1cmVscywgdG91dCBlbiBtZXR0YW50IGzigJlhY2NlbnQgc3VyIGxhIGRpdmVyc2l0w6ksIGzigJlpbmNsdXNpb24gZXQgbOKAmWhhcm1vbmllLiBNYSBkw6ltYXJjaGUgc+KAmWVucmljaGl0IMOpZ2FsZW1lbnQgZGUgbW9uIGV4cGVydGlzZSBlbiZuYnNwOzxzdHJvbmc+YXN0cm9sb2dpZTwvc3Ryb25nPiwgdW5lIHByYXRpcXVlIHF1aSBvZmZyZSB1bmUgZGltZW5zaW9uIHN1cHBsw6ltZW50YWlyZSDDoCB2b3RyZSBjb21tdW5pY2F0aW9uLCBlbiB2b3VzIHBlcm1ldHRhbnQgZGUgbWlldXggdm91cyBjb21wcmVuZHJlLCBkZSB2b3VzIGFsaWduZXIgYXZlYyB2b3RyZSBlc3NlbmNlIHByb2ZvbmRlIGV0IGRlIHByZW5kcmUgZGVzIGTDqWNpc2lvbnMgw6ljbGFpcsOpZXMuPC9wPncOY29yZS9wYXJhZ3JhcGh5dyQ2OGYzOTU4ZC1iNmFjLTRiNmEtYjk1My1iNWExOGQ0YTcyM2J4d\/cBPHA+SmUgdm91cyBwcm9wb3NlIGFpbnNpIHVuZSBhcHByb2NoZSZuYnNwOzxzdHJvbmc+aG9saXN0aXF1ZTwvc3Ryb25nPiwgcXVpIGFsbGllIHN0cmF0w6lnaWUsIGNyw6lhdGl2aXTDqSBldCBkw6l2ZWxvcHBlbWVudCBwZXJzb25uZWwsIHBvdXIgdm91cyBhaWRlciDDoCB0cmFuc21ldHRyZSBkZXMgbWVzc2FnZXMgcXVpIHLDqXNvbm5lbnQgcHJvZm9uZMOpbWVudCBldCBsYWlzc2VudCB1bmUgZW1wcmVpbnRlIGR1cmFibGUuPC9wPncOY29yZS9wYXJhZ3JhcGh5dyRmYWIzMzAxYi0yYmI4LTQ1OTgtYjc5Ni04ZDFlYTkyZWRmYTd4d0o8ZGl2IHN0eWxlPSJoZWlnaHQ6NDVweCIgYXJpYS1oaWRkZW49InRydWUiIGNsYXNzPSJ3cC1ibG9jay1zcGFjZXIiPjwvZGl2PncLY29yZS9zcGFjZXJ3BDQ1cHh3JGY3MGJkYzQxLWNlNzgtNGNlNi04NWRlLWFmYWQ4NTBjOTliN3h3bDxoMyBjbGFzcz0id3AtYmxvY2staGVhZGluZyIgaWQ9ImRlcm5pZXJzLWFydGljbGVzLXB1YmxpZXMiPjxzdHJvbmc+RGVybmllcnMgYXJ0aWNsZXMgcHVibGnDqXM8L3N0cm9uZz48L2gzPncMY29yZS9oZWFkaW5nfQN3GWRlcm5pZXJzLWFydGljbGVzLXB1YmxpZXN3JDFhMzliYzM4LTVkNDYtNDg3MS05MDkyLWVlMDU1MzIwMDVjMnh3SjxkaXYgc3R5bGU9ImhlaWdodDo0NXB4IiBhcmlhLWhpZGRlbj0idHJ1ZSIgY2xhc3M9IndwLWJsb2NrLXNwYWNlciI+PC9kaXY+dwtjb3JlL3NwYWNlcncENDVweHh3JltyZWNlbnRfcG9zdF9zbGlkZXIgZGVzaWduPSJkZXNpZ24tNCJddwljb3JlL2h0bWx3JDZkYjI4YjI0LTQyZWYtNGFiOC1iMjU0LTk4Y2Y4NzBmZDg5MHh3SjxkaXYgc3R5bGU9ImhlaWdodDo0NXB4IiBhcmlhLWhpZGRlbj0idHJ1ZSIgY2xhc3M9IndwLWJsb2NrLXNwYWNlciI+PC9kaXY+dwtjb3JlL3NwYWNlcncENDVweHckZGQ5ZWRkN2MtMzBmZS00MGVjLTk0MjQtNDhiOGJiODRjYjg1BgB3GVtzbWFydHNsaWRlcjMgc2xpZGVyPSI1Il17Qnnc8jMEYAB9h4yBtQsBAASu25ebCAILAAoB7erZiAgkAADhAQUBAAMDAQQDAQIA+AUFJgUQBU0FEgUKBQIFpgIF9QEFvwIFhwMTAQT2AS8BB4kGBSYFEAVNBRIFCgUCBfkBBfUBBZICBYgCAAQACQEBAJYBB4fGwNoFAQAAh8eiiwUBAAA=\",\"updateId\":996931023}","footnotes":""},"class_list":["post-361","page","type-page","status-publish","hentry"],"yoast_head":"<!-- This site is optimized with the Yoast SEO plugin v27.4 - https:\/\/yoast.com\/product\/yoast-seo-wordpress\/ -->\n<title>Accueil - Audrey Damas<\/title>\n<meta name=\"robots\" content=\"index, follow, max-snippet:-1, max-image-preview:large, max-video-preview:-1\" \/>\n<link rel=\"canonical\" href=\"https:\/\/www.audreydamas.com\/fr\/\" \/>\n<meta property=\"og:locale\" content=\"fr_FR\" \/>\n<meta property=\"og:type\" content=\"article\" \/>\n<meta property=\"og:title\" content=\"Accueil - Audrey Damas\" \/>\n<meta property=\"og:description\" content=\"Une communication bienveillante au service de projets authentiques, artistiques et inspirants Je vous accompagne dans la cr\u00e9ation de messages porteurs de sens, adapt\u00e9s \u00e0 vos valeurs profondes et \u00e0 vos aspirations. En explorant l\u2019essence des mots, je construis avec vous\" \/>\n<meta property=\"og:url\" content=\"https:\/\/www.audreydamas.com\/fr\/\" \/>\n<meta property=\"og:site_name\" content=\"Audrey Damas\" \/>\n<meta property=\"article:modified_time\" content=\"2026-04-27T13:32:01+00:00\" \/>\n<meta name=\"twitter:card\" content=\"summary_large_image\" \/>\n<meta name=\"twitter:label1\" content=\"Dur\u00e9e de lecture estim\u00e9e\" \/>\n\t<meta name=\"twitter:data1\" content=\"2 minutes\" \/>\n<script type=\"application\/ld+json\" class=\"yoast-schema-graph\">{\"@context\":\"https:\\\/\\\/schema.org\",\"@graph\":[{\"@type\":\"WebPage\",\"@id\":\"https:\\\/\\\/www.audreydamas.com\\\/fr\\\/\",\"url\":\"https:\\\/\\\/www.audreydamas.com\\\/fr\\\/\",\"name\":\"Accueil - Audrey Damas\",\"isPartOf\":{\"@id\":\"https:\\\/\\\/www.audreydamas.com\\\/fr\\\/#website\"},\"datePublished\":\"2020-08-07T14:58:38+00:00\",\"dateModified\":\"2026-04-27T13:32:01+00:00\",\"breadcrumb\":{\"@id\":\"https:\\\/\\\/www.audreydamas.com\\\/fr\\\/#breadcrumb\"},\"inLanguage\":\"fr-FR\",\"potentialAction\":[{\"@type\":\"ReadAction\",\"target\":[\"https:\\\/\\\/www.audreydamas.com\\\/fr\\\/\"]}]},{\"@type\":\"BreadcrumbList\",\"@id\":\"https:\\\/\\\/www.audreydamas.com\\\/fr\\\/#breadcrumb\",\"itemListElement\":[{\"@type\":\"ListItem\",\"position\":1,\"name\":\"Portada\",\"item\":\"https:\\\/\\\/www.audreydamas.com\\\/fr\\\/\"},{\"@type\":\"ListItem\",\"position\":2,\"name\":\"Accueil\"}]},{\"@type\":\"WebSite\",\"@id\":\"https:\\\/\\\/www.audreydamas.com\\\/fr\\\/#website\",\"url\":\"https:\\\/\\\/www.audreydamas.com\\\/fr\\\/\",\"name\":\"Audrey Damas\",\"description\":\"Palabras creadoras de sentido, autenticidad y armon\u00eda\",\"publisher\":{\"@id\":\"https:\\\/\\\/www.audreydamas.com\\\/fr\\\/#organization\"},\"potentialAction\":[{\"@type\":\"SearchAction\",\"target\":{\"@type\":\"EntryPoint\",\"urlTemplate\":\"https:\\\/\\\/www.audreydamas.com\\\/fr\\\/?s={search_term_string}\"},\"query-input\":{\"@type\":\"PropertyValueSpecification\",\"valueRequired\":true,\"valueName\":\"search_term_string\"}}],\"inLanguage\":\"fr-FR\"},{\"@type\":\"Organization\",\"@id\":\"https:\\\/\\\/www.audreydamas.com\\\/fr\\\/#organization\",\"name\":\"Audrey Damas\",\"url\":\"https:\\\/\\\/www.audreydamas.com\\\/fr\\\/\",\"logo\":{\"@type\":\"ImageObject\",\"inLanguage\":\"fr-FR\",\"@id\":\"https:\\\/\\\/www.audreydamas.com\\\/fr\\\/#\\\/schema\\\/logo\\\/image\\\/\",\"url\":\"https:\\\/\\\/www.audreydamas.com\\\/wp-content\\\/uploads\\\/2020\\\/07\\\/cropped-LOGO-WEBSITE-Audrey-Damas-1.jpg\",\"contentUrl\":\"https:\\\/\\\/www.audreydamas.com\\\/wp-content\\\/uploads\\\/2020\\\/07\\\/cropped-LOGO-WEBSITE-Audrey-Damas-1.jpg\",\"width\":88,\"height\":88,\"caption\":\"Audrey Damas\"},\"image\":{\"@id\":\"https:\\\/\\\/www.audreydamas.com\\\/fr\\\/#\\\/schema\\\/logo\\\/image\\\/\"}}]}<\/script>\n<!-- \/ Yoast SEO plugin. -->","yoast_head_json":{"title":"Accueil - Audrey Damas","robots":{"index":"index","follow":"follow","max-snippet":"max-snippet:-1","max-image-preview":"max-image-preview:large","max-video-preview":"max-video-preview:-1"},"canonical":"https:\/\/www.audreydamas.com\/fr\/","og_locale":"fr_FR","og_type":"article","og_title":"Accueil - Audrey Damas","og_description":"Une communication bienveillante au service de projets authentiques, artistiques et inspirants Je vous accompagne dans la cr\u00e9ation de messages porteurs de sens, adapt\u00e9s \u00e0 vos valeurs profondes et \u00e0 vos aspirations. En explorant l\u2019essence des mots, je construis avec vous","og_url":"https:\/\/www.audreydamas.com\/fr\/","og_site_name":"Audrey Damas","article_modified_time":"2026-04-27T13:32:01+00:00","twitter_card":"summary_large_image","twitter_misc":{"Dur\u00e9e de lecture estim\u00e9e":"2 minutes"},"schema":{"@context":"https:\/\/schema.org","@graph":[{"@type":"WebPage","@id":"https:\/\/www.audreydamas.com\/fr\/","url":"https:\/\/www.audreydamas.com\/fr\/","name":"Accueil - Audrey Damas","isPartOf":{"@id":"https:\/\/www.audreydamas.com\/fr\/#website"},"datePublished":"2020-08-07T14:58:38+00:00","dateModified":"2026-04-27T13:32:01+00:00","breadcrumb":{"@id":"https:\/\/www.audreydamas.com\/fr\/#breadcrumb"},"inLanguage":"fr-FR","potentialAction":[{"@type":"ReadAction","target":["https:\/\/www.audreydamas.com\/fr\/"]}]},{"@type":"BreadcrumbList","@id":"https:\/\/www.audreydamas.com\/fr\/#breadcrumb","itemListElement":[{"@type":"ListItem","position":1,"name":"Portada","item":"https:\/\/www.audreydamas.com\/fr\/"},{"@type":"ListItem","position":2,"name":"Accueil"}]},{"@type":"WebSite","@id":"https:\/\/www.audreydamas.com\/fr\/#website","url":"https:\/\/www.audreydamas.com\/fr\/","name":"Audrey Damas","description":"Palabras creadoras de sentido, autenticidad y armon\u00eda","publisher":{"@id":"https:\/\/www.audreydamas.com\/fr\/#organization"},"potentialAction":[{"@type":"SearchAction","target":{"@type":"EntryPoint","urlTemplate":"https:\/\/www.audreydamas.com\/fr\/?s={search_term_string}"},"query-input":{"@type":"PropertyValueSpecification","valueRequired":true,"valueName":"search_term_string"}}],"inLanguage":"fr-FR"},{"@type":"Organization","@id":"https:\/\/www.audreydamas.com\/fr\/#organization","name":"Audrey Damas","url":"https:\/\/www.audreydamas.com\/fr\/","logo":{"@type":"ImageObject","inLanguage":"fr-FR","@id":"https:\/\/www.audreydamas.com\/fr\/#\/schema\/logo\/image\/","url":"https:\/\/www.audreydamas.com\/wp-content\/uploads\/2020\/07\/cropped-LOGO-WEBSITE-Audrey-Damas-1.jpg","contentUrl":"https:\/\/www.audreydamas.com\/wp-content\/uploads\/2020\/07\/cropped-LOGO-WEBSITE-Audrey-Damas-1.jpg","width":88,"height":88,"caption":"Audrey Damas"},"image":{"@id":"https:\/\/www.audreydamas.com\/fr\/#\/schema\/logo\/image\/"}}]}},"_links":{"self":[{"href":"https:\/\/www.audreydamas.com\/fr\/wp-json\/wp\/v2\/pages\/361","targetHints":{"allow":["GET"]}}],"collection":[{"href":"https:\/\/www.audreydamas.com\/fr\/wp-json\/wp\/v2\/pages"}],"about":[{"href":"https:\/\/www.audreydamas.com\/fr\/wp-json\/wp\/v2\/types\/page"}],"author":[{"embeddable":true,"href":"https:\/\/www.audreydamas.com\/fr\/wp-json\/wp\/v2\/users\/2"}],"replies":[{"embeddable":true,"href":"https:\/\/www.audreydamas.com\/fr\/wp-json\/wp\/v2\/comments?post=361"}],"version-history":[{"count":14,"href":"https:\/\/www.audreydamas.com\/fr\/wp-json\/wp\/v2\/pages\/361\/revisions"}],"predecessor-version":[{"id":8744,"href":"https:\/\/www.audreydamas.com\/fr\/wp-json\/wp\/v2\/pages\/361\/revisions\/8744"}],"wp:attachment":[{"href":"https:\/\/www.audreydamas.com\/fr\/wp-json\/wp\/v2\/media?parent=361"}],"curies":[{"name":"wp","href":"https:\/\/api.w.org\/{rel}","templated":true}]}}